{"id":1711,"date":"2020-11-03T22:14:01","date_gmt":"2020-11-03T21:14:01","guid":{"rendered":"https:\/\/carmensorice.com\/privacy-policy-2\/"},"modified":"2025-05-16T14:09:48","modified_gmt":"2025-05-16T12:09:48","slug":"privacy-policy-2","status":"publish","type":"page","link":"https:\/\/carmensorice.com\/en\/privacy-policy-2\/","title":{"rendered":"Privacy Policy"},"content":{"rendered":"[vc_row type=&#8221;in_container&#8221; full_screen_row_position=&#8221;middle&#8221; column_margin=&#8221;default&#8221; column_direction=&#8221;default&#8221; column_direction_tablet=&#8221;default&#8221; column_direction_phone=&#8221;default&#8221; scene_position=&#8221;center&#8221; text_color=&#8221;dark&#8221; text_align=&#8221;left&#8221; row_border_radius=&#8221;none&#8221; row_border_radius_applies=&#8221;bg&#8221; overflow=&#8221;visible&#8221; overlay_strength=&#8221;0.3&#8243; gradient_direction=&#8221;left_to_right&#8221; shape_divider_position=&#8221;bottom&#8221; bg_image_animation=&#8221;none&#8221;][vc_column column_padding=&#8221;no-extra-padding&#8221; column_padding_tablet=&#8221;inherit&#8221; column_padding_phone=&#8221;inherit&#8221; column_padding_position=&#8221;all&#8221; column_element_direction_desktop=&#8221;default&#8221; column_element_spacing=&#8221;default&#8221; desktop_text_alignment=&#8221;default&#8221; tablet_text_alignment=&#8221;default&#8221; phone_text_alignment=&#8221;default&#8221; background_color_opacity=&#8221;1&#8243; background_hover_color_opacity=&#8221;1&#8243; column_backdrop_filter=&#8221;none&#8221; column_shadow=&#8221;none&#8221; column_border_radius=&#8221;none&#8221; column_link_target=&#8221;_self&#8221; column_position=&#8221;default&#8221; gradient_direction=&#8221;left_to_right&#8221; overlay_strength=&#8221;0.3&#8243; width=&#8221;1\/1&#8243; tablet_width_inherit=&#8221;default&#8221; animation_type=&#8221;default&#8221; bg_image_animation=&#8221;none&#8221; border_type=&#8221;simple&#8221; column_border_width=&#8221;none&#8221; column_border_style=&#8221;solid&#8221;][vc_column_text css=&#8221;&#8221; text_direction=&#8221;default&#8221;]\n&#13;\n<p><strong>Informativa al trattamento dei dati personali &#8211; <\/strong><strong>Policy Privacy sito web<\/strong><\/p>&#13;\n<p>ai sensi dell\u2019art. 13 del Regolamento (UE) 2016\/679<\/p>&#13;\n<p>\u00a0<\/p>&#13;\n<p><strong>soggetti interessati: visitatori del sito web\u00a0 <\/strong><strong>www.carmensorice.com<\/strong><\/p>&#13;\n<p>Questo documento ha lo scopo di informare i visitatori di questo sito web, ai sensi dell\u2019art. 13 del Regolamento (UE) 2016\/679 (di seguito, \u201cil Regolamento\u201d oppure \u201cGDPR\u201d), sul trattamento dei loro dati personali raccolti o ricevuti durante l\u2019utilizzo del sito.<\/p>&#13;\n<p>Le informazioni dettagliate sul trattamento dei dati personali sono riportate, ove necessario, nelle sezioni relative ai diversi trattamenti effettuati. Sono elencati i dati utilizzati o richiesti, le finalit\u00e0 di ciascun trattamento, il tempo di conservazione. Dove richiesto, il visitatore potr\u00e0 esprimere liberamente il proprio consenso e autorizzare la raccolta e l\u2019utilizzo dei propri dati.<\/p>&#13;\n<p>Si ricorda che questa privacy policy riguarda il presente sito web e non anche ulteriori siti web eventualmente consultati dall\u2019utente tramite la navigazione dai link presenti sul sito, per i quali si rimanda alle informazioni fornite dagli altri siti in merito alla loro gestione della privacy.<\/p>&#13;\n<p><strong>Carmen Sorice\u00a0<\/strong>Via Aldo Moro, 31 26841 Casalpusterlengo (LO) &#8211; Italia \u00e8 Titolare per i trattamenti effettuati sui dati personali raccolti e ottenuti da questo sito web e determina come saranno conservati i dati e chi potr\u00e0 avere accesso alle informazioni raccolte dal sito web. I dati personali saranno trattati con procedure manuali e automatizzate, ogni trattamento avviene nel rispetto delle modalit\u00e0 di cui agli artt. 6, 32 del Regolamento e mediante l\u2019adozione delle adeguate misure di sicurezza previste. I dati saranno trattati unicamente da personale espressamente autorizzato dal Titolare, oppure anche da soggetti terzi Responsabili per i trattamenti di competenza ai sensi dell\u2019Art. 28 del Regolamento. Maggiori informazioni sui responsabili e soggetti autorizzati verranno fornite su richiesta dell\u2019interessato nell\u2019esercizio dei diritti di cui agli articoli 15-22 del Regolamento.<\/p>&#13;\n<p>Tipologia di dati trattati<\/p>&#13;\n<p>Durante la navigazione del sito, si possono acquisire le seguenti informazioni sul visitatore:<\/p>&#13;\n<p><em>Dati di navigazione<\/em><\/p>&#13;\n<p>I sistemi informatici e le procedure software preposte al funzionamento di questo sito web acquisiscono, nel corso del loro normale esercizio, alcuni dati personali la cui trasmissione \u00e8 implicita nell\u2019uso dei protocolli di comunicazione di Internet. In questa categoria di dati rientrano: gli indirizzi IP, il tipo di browser utilizzato, il sistema operativo, il nome di dominio e gli indirizzi di siti web dai quali \u00e8 stato effettuato l\u2019accesso o l\u2019uscita, le informazioni sulle pagine visitate dagli utenti all\u2019interno del sito, l\u2019orario d\u2019accesso, l\u2019analisi di percorso interno e altri parametri relativi al sistema operativo e all\u2019ambiente informatico dell\u2019utente. Tali dati di carattere tecnico\/informatico sono raccolti e utilizzati esclusivamente in maniera aggregata e non identificativa per finalit\u00e0 di analisi tecnica e statistica sull\u2019utilizzo del sito, inoltre potrebbero essere utilizzati per l\u2019accertamento di responsabilit\u00e0 in caso di ipotetici reati informatici ai danni del sito.<\/p>&#13;\n<p><em>Dati forniti nel modulo \u201cCONTATTI\u201d<\/em><\/p>&#13;\n<p>Si tratta di quei dati personali rilasciati liberamente dal visitatore sul sito, nella pagina specifica del modulo da compilare per richiedere informazioni sui nostri prodotti o servizi. Sono richiesti: nome, cognome, azienda, indirizzo e-mail., i dati saranno utilizzati per le finalit\u00e0:<\/p>&#13;\n<ul>&#13;\n<li>inviare le informazioni richieste sui nostri prodotti o servizi.<\/li>&#13;\n<\/ul>&#13;\n<p>I dati saranno conservati nel rispetto dei principi di liceit\u00e0, limitazione delle finalit\u00e0 e minimizzazione dei dati, ai sensi dell\u2019art. 5 del GDPR, per il tempo necessario a soddisfare la richiesta dell\u2019utente.<\/p>&#13;\n<p><em>Cookies<\/em><\/p>&#13;\n<p>Per maggiori informazioni sull\u2019uso dei cookies in questo sito, vedere la Cookie Policy al <a href=\"https:\/\/carmensorice.com\/en\/cookie-policy-2\/\">link<\/a>.<\/p>&#13;\n<p>Acquisizione del consenso dell\u2019interessato.<\/p>&#13;\n<p>Il consenso, libero, informato e specifico, \u00e8 richiesto solo per per la compilazione dei moduli dove sono richiesti i dati personali del visitatore del sito per le finalit\u00e0 specificate. Il consenso viene dato dal soggetto interessato mediante \u201ccasella apposita\u201d e l\u2019invio della richiesta con i dati non \u00e8 possibile senza aver dato prima il consenso, che viene registrato e conservato dal Titolare per i fini di esibizione su richiesta dell\u2019interessato o dell\u2019Autorit\u00e0.<\/p>&#13;\n<p>Collegamento verso\/da siti terzi<\/p>&#13;\n<p>Da questo sito web \u00e8 possibile collegarsi mediante appositi link verso altri siti web di soggetti terzi. Il Titolare del sito declina qualsiasi responsabilit\u00e0 in merito all\u2019eventuale gestione di dati personali da parte di altri siti diversi da questo sito. Per informazioni sulle finalit\u00e0, il tipo e le modalit\u00e0 di raccolta, elaborazione, utilizzo e conservazione dei dati personali da parte del sito visitato, nonch\u00e9 per le modalit\u00e0 attraverso cui esercitare i propri diritti, si prega di consultare l\u2019informativa privacy del sito visitato.<\/p>&#13;\n<p>Diffusione<\/p>&#13;\n<p>I dati personali che formano oggetto di raccolta non sono e non saranno oggetto di diffusione.<\/p>&#13;\n<p><strong>ESERCIZIO DEI DIRITTI DELL\u2019INTERESSATO<\/strong><\/p>&#13;\n<p>Per esercitare i propri diritti assicurati dagli articoli suddetti, rivolgersi al Titolare:<\/p>&#13;\n<p><strong>Carmen Sorice\u00a0<\/strong>Via Aldo Moro, 31 26841 Casalpusterlengo (LO)<\/p>&#13;\n<p>L\u2019interessato ha il diritto di ottenere la cancellazione, la comunicazione, l\u2019aggiornamento, la rettifica, l\u2019integrazione dei dati personali che La riguardano, nonch\u00e9 in generale pu\u00f2 esercitare tutti i diritti previsti dagli artt. da 15 a 22 del GDPR.<\/p>&#13;\n<p>Modifiche alla Privacy Policy<\/p>&#13;\n<p>La modifica al sito web per nuovi trattamenti di dati personali, oppure l\u2019eventuale entrata in vigore di nuove normative di settore, come anche il costante esame e aggiornamento dei servizi all\u2019utente, potrebbe comportare la necessit\u00e0 di aggiornare questa informativa. \u00c8 possibile che la nostra policy subisca modifiche nel tempo e invitiamo, pertanto, il visitatore a consultare periodicamente questa pagina.<\/p>&#13;\n[\/vc_column_text][\/vc_column][\/vc_row]","protected":false},"excerpt":{"rendered":"<p>[vc_row type=&#8221;in_container&#8221; full_screen_row_position=&#8221;middle&#8221; column_margin=&#8221;default&#8221; column_direction=&#8221;default&#8221; column_direction_tablet=&#8221;default&#8221; column_direction_phone=&#8221;default&#8221; scene_position=&#8221;center&#8221; text_color=&#8221;dark&#8221; text_align=&#8221;left&#8221; row_border_radius=&#8221;none&#8221; row_border_radius_applies=&#8221;bg&#8221; overflow=&#8221;visible&#8221; overlay_strength=&#8221;0.3&#8243; gradient_direction=&#8221;left_to_right&#8221; shape_divider_position=&#8221;bottom&#8221; bg_image_animation=&#8221;none&#8221;][vc_column column_padding=&#8221;no-extra-padding&#8221; column_padding_tablet=&#8221;inherit&#8221; column_padding_phone=&#8221;inherit&#8221; column_padding_position=&#8221;all&#8221; column_element_direction_desktop=&#8221;default&#8221; column_element_spacing=&#8221;default&#8221; desktop_text_alignment=&#8221;default&#8221; tablet_text_alignment=&#8221;default&#8221; phone_text_alignment=&#8221;default&#8221; background_color_opacity=&#8221;1&#8243; background_hover_color_opacity=&#8221;1&#8243; column_backdrop_filter=&#8221;none&#8221; column_shadow=&#8221;none&#8221;&#8230;<\/p>\n","protected":false},"author":1,"featured_media":0,"parent":0,"menu_order":0,"comment_status":"closed","ping_status":"closed","template":"","meta":{"_joinchat":[],"footnotes":""},"class_list":["post-1711","page","type-page","status-publish"],"yoast_head":"<!-- This site is optimized with the Yoast SEO plugin v27.3 - https:\/\/yoast.com\/product\/yoast-seo-wordpress\/ -->\n<title>Privacy Policy<\/title>\n<meta name=\"description\" content=\"Privacy policy page of www.carmensorice.com\" \/>\n<meta name=\"robots\" content=\"index, follow, max-snippet:-1, max-image-preview:large, max-video-preview:-1\" \/>\n<link rel=\"canonical\" href=\"https:\/\/carmensorice.com\/en\/privacy-policy-2\/\" \/>\n<meta property=\"og:locale\" content=\"en_US\" \/>\n<meta property=\"og:type\" content=\"article\" \/>\n<meta property=\"og:title\" content=\"Privacy Policy\" \/>\n<meta property=\"og:description\" content=\"Privacy policy page of www.carmensorice.com\" \/>\n<meta property=\"og:url\" content=\"https:\/\/carmensorice.com\/en\/privacy-policy-2\/\" \/>\n<meta property=\"og:site_name\" content=\"Carmen Sorice Regulatory Affairs\" \/>\n<meta property=\"article:modified_time\" content=\"2025-05-16T12:09:48+00:00\" \/>\n<meta property=\"og:image\" content=\"https:\/\/carmensorice.com\/wp-content\/uploads\/2023\/10\/logo.png\" \/>\n\t<meta property=\"og:image:width\" content=\"198\" \/>\n\t<meta property=\"og:image:height\" content=\"100\" \/>\n\t<meta property=\"og:image:type\" content=\"image\/png\" \/>\n<meta name=\"twitter:card\" content=\"summary_large_image\" \/>\n<meta name=\"twitter:label1\" content=\"Est. reading time\" \/>\n\t<meta name=\"twitter:data1\" content=\"5 minutes\" \/>\n<script type=\"application\/ld+json\" class=\"yoast-schema-graph\">{\"@context\":\"https:\\\/\\\/schema.org\",\"@graph\":[{\"@type\":\"WebPage\",\"@id\":\"https:\\\/\\\/carmensorice.com\\\/en\\\/privacy-policy-2\\\/\",\"url\":\"https:\\\/\\\/carmensorice.com\\\/en\\\/privacy-policy-2\\\/\",\"name\":\"Privacy Policy\",\"isPartOf\":{\"@id\":\"https:\\\/\\\/carmensorice.com\\\/en\\\/#website\"},\"datePublished\":\"2020-11-03T21:14:01+00:00\",\"dateModified\":\"2025-05-16T12:09:48+00:00\",\"description\":\"Privacy policy page of www.carmensorice.com\",\"breadcrumb\":{\"@id\":\"https:\\\/\\\/carmensorice.com\\\/en\\\/privacy-policy-2\\\/#breadcrumb\"},\"inLanguage\":\"en-US\",\"potentialAction\":[{\"@type\":\"ReadAction\",\"target\":[\"https:\\\/\\\/carmensorice.com\\\/en\\\/privacy-policy-2\\\/\"]}]},{\"@type\":\"BreadcrumbList\",\"@id\":\"https:\\\/\\\/carmensorice.com\\\/en\\\/privacy-policy-2\\\/#breadcrumb\",\"itemListElement\":[{\"@type\":\"ListItem\",\"position\":1,\"name\":\"Home\",\"item\":\"https:\\\/\\\/carmensorice.com\\\/en\\\/\"},{\"@type\":\"ListItem\",\"position\":2,\"name\":\"Privacy Policy\"}]},{\"@type\":\"WebSite\",\"@id\":\"https:\\\/\\\/carmensorice.com\\\/en\\\/#website\",\"url\":\"https:\\\/\\\/carmensorice.com\\\/en\\\/\",\"name\":\"Carmen Sorice Regulatory Affairs\",\"description\":\"Guidati dalla Conoscenza, Sostenuti dalla Qualit\u00e0, Impegnati nella Sicurezza.\",\"publisher\":{\"@id\":\"https:\\\/\\\/carmensorice.com\\\/en\\\/#organization\"},\"potentialAction\":[{\"@type\":\"SearchAction\",\"target\":{\"@type\":\"EntryPoint\",\"urlTemplate\":\"https:\\\/\\\/carmensorice.com\\\/en\\\/?s={search_term_string}\"},\"query-input\":{\"@type\":\"PropertyValueSpecification\",\"valueRequired\":true,\"valueName\":\"search_term_string\"}}],\"inLanguage\":\"en-US\"},{\"@type\":\"Organization\",\"@id\":\"https:\\\/\\\/carmensorice.com\\\/en\\\/#organization\",\"name\":\"Carmen Sorice Regulatory Affairs\",\"url\":\"https:\\\/\\\/carmensorice.com\\\/en\\\/\",\"logo\":{\"@type\":\"ImageObject\",\"inLanguage\":\"en-US\",\"@id\":\"https:\\\/\\\/carmensorice.com\\\/en\\\/#\\\/schema\\\/logo\\\/image\\\/\",\"url\":\"https:\\\/\\\/carmensorice.com\\\/wp-content\\\/uploads\\\/2023\\\/11\\\/Carmen-Sorice-Regolatory-Affarirs-logo.png\",\"contentUrl\":\"https:\\\/\\\/carmensorice.com\\\/wp-content\\\/uploads\\\/2023\\\/11\\\/Carmen-Sorice-Regolatory-Affarirs-logo.png\",\"width\":268,\"height\":350,\"caption\":\"Carmen Sorice Regulatory Affairs\"},\"image\":{\"@id\":\"https:\\\/\\\/carmensorice.com\\\/en\\\/#\\\/schema\\\/logo\\\/image\\\/\"}}]}<\/script>\n<!-- \/ Yoast SEO plugin. -->","yoast_head_json":{"title":"Privacy Policy","description":"Privacy policy page of www.carmensorice.com","robots":{"index":"index","follow":"follow","max-snippet":"max-snippet:-1","max-image-preview":"max-image-preview:large","max-video-preview":"max-video-preview:-1"},"canonical":"https:\/\/carmensorice.com\/en\/privacy-policy-2\/","og_locale":"en_US","og_type":"article","og_title":"Privacy Policy","og_description":"Privacy policy page of www.carmensorice.com","og_url":"https:\/\/carmensorice.com\/en\/privacy-policy-2\/","og_site_name":"Carmen Sorice Regulatory Affairs","article_modified_time":"2025-05-16T12:09:48+00:00","og_image":[{"width":198,"height":100,"url":"https:\/\/carmensorice.com\/wp-content\/uploads\/2023\/10\/logo.png","type":"image\/png"}],"twitter_card":"summary_large_image","twitter_misc":{"Est. reading time":"5 minutes"},"schema":{"@context":"https:\/\/schema.org","@graph":[{"@type":"WebPage","@id":"https:\/\/carmensorice.com\/en\/privacy-policy-2\/","url":"https:\/\/carmensorice.com\/en\/privacy-policy-2\/","name":"Privacy Policy","isPartOf":{"@id":"https:\/\/carmensorice.com\/en\/#website"},"datePublished":"2020-11-03T21:14:01+00:00","dateModified":"2025-05-16T12:09:48+00:00","description":"Privacy policy page of www.carmensorice.com","breadcrumb":{"@id":"https:\/\/carmensorice.com\/en\/privacy-policy-2\/#breadcrumb"},"inLanguage":"en-US","potentialAction":[{"@type":"ReadAction","target":["https:\/\/carmensorice.com\/en\/privacy-policy-2\/"]}]},{"@type":"BreadcrumbList","@id":"https:\/\/carmensorice.com\/en\/privacy-policy-2\/#breadcrumb","itemListElement":[{"@type":"ListItem","position":1,"name":"Home","item":"https:\/\/carmensorice.com\/en\/"},{"@type":"ListItem","position":2,"name":"Privacy Policy"}]},{"@type":"WebSite","@id":"https:\/\/carmensorice.com\/en\/#website","url":"https:\/\/carmensorice.com\/en\/","name":"Carmen Sorice Regulatory Affairs","description":"Guidati dalla Conoscenza, Sostenuti dalla Qualit\u00e0, Impegnati nella Sicurezza.","publisher":{"@id":"https:\/\/carmensorice.com\/en\/#organization"},"potentialAction":[{"@type":"SearchAction","target":{"@type":"EntryPoint","urlTemplate":"https:\/\/carmensorice.com\/en\/?s={search_term_string}"},"query-input":{"@type":"PropertyValueSpecification","valueRequired":true,"valueName":"search_term_string"}}],"inLanguage":"en-US"},{"@type":"Organization","@id":"https:\/\/carmensorice.com\/en\/#organization","name":"Carmen Sorice Regulatory Affairs","url":"https:\/\/carmensorice.com\/en\/","logo":{"@type":"ImageObject","inLanguage":"en-US","@id":"https:\/\/carmensorice.com\/en\/#\/schema\/logo\/image\/","url":"https:\/\/carmensorice.com\/wp-content\/uploads\/2023\/11\/Carmen-Sorice-Regolatory-Affarirs-logo.png","contentUrl":"https:\/\/carmensorice.com\/wp-content\/uploads\/2023\/11\/Carmen-Sorice-Regolatory-Affarirs-logo.png","width":268,"height":350,"caption":"Carmen Sorice Regulatory Affairs"},"image":{"@id":"https:\/\/carmensorice.com\/en\/#\/schema\/logo\/image\/"}}]}},"_links":{"self":[{"href":"https:\/\/carmensorice.com\/en\/wp-json\/wp\/v2\/pages\/1711","targetHints":{"allow":["GET"]}}],"collection":[{"href":"https:\/\/carmensorice.com\/en\/wp-json\/wp\/v2\/pages"}],"about":[{"href":"https:\/\/carmensorice.com\/en\/wp-json\/wp\/v2\/types\/page"}],"author":[{"embeddable":true,"href":"https:\/\/carmensorice.com\/en\/wp-json\/wp\/v2\/users\/1"}],"replies":[{"embeddable":true,"href":"https:\/\/carmensorice.com\/en\/wp-json\/wp\/v2\/comments?post=1711"}],"version-history":[{"count":2,"href":"https:\/\/carmensorice.com\/en\/wp-json\/wp\/v2\/pages\/1711\/revisions"}],"predecessor-version":[{"id":2690,"href":"https:\/\/carmensorice.com\/en\/wp-json\/wp\/v2\/pages\/1711\/revisions\/2690"}],"wp:attachment":[{"href":"https:\/\/carmensorice.com\/en\/wp-json\/wp\/v2\/media?parent=1711"}],"curies":[{"name":"wp","href":"https:\/\/api.w.org\/{rel}","templated":true}]}}